{"id":2441,"date":"2016-04-27T17:54:29","date_gmt":"2016-04-27T16:54:29","guid":{"rendered":"http:\/\/ebader.com\/fr\/?page_id=2441"},"modified":"2024-02-21T08:49:56","modified_gmt":"2024-02-21T07:49:56","slug":"enterprise","status":"publish","type":"page","link":"https:\/\/ebader.com\/fr\/enterprise\/","title":{"rendered":"ENTREPRISE"},"content":{"rendered":"<p><div class=\"fusion-fullwidth fullwidth-box fusion-builder-row-1 nonhundred-percent-fullwidth non-hundred-percent-height-scrolling\" style=\"--awb-background-position:left top;--awb-border-sizes-top:0px;--awb-border-sizes-bottom:0px;--awb-border-sizes-left:0px;--awb-border-sizes-right:0px;--awb-border-radius-top-left:0px;--awb-border-radius-top-right:0px;--awb-border-radius-bottom-right:0px;--awb-border-radius-bottom-left:0px;--awb-padding-top:50px;--awb-padding-bottom:50px;--awb-flex-wrap:wrap;\" ><div class=\"fusion-builder-row fusion-row\"><div class=\"fusion-layout-column fusion_builder_column fusion-builder-column-0 fusion_builder_column_1_2 1_2 fusion-one-half fusion-column-first\" style=\"--awb-bg-size:cover;width:48%; margin-right: 4%;\"><div class=\"fusion-column-wrapper fusion-flex-column-wrapper-legacy\"><div class=\"fusion-title title fusion-title-1 sep-underline sep-solid fusion-title-text fusion-title-size-one\" style=\"--awb-margin-bottom:40px;\"><h1 class=\"fusion-title-heading title-heading-left fusion-responsive-typography-calculated\" style=\"margin:0;--fontSize:24;line-height:1.17;\">L&rsquo;ENTERPRISE<\/h1><\/div><div class=\"fusion-text fusion-text-1\" style=\"--awb-text-transform:none;\"><p>Fond\u00e9e en 1999,\u00a0 EBADER est n\u00e9 dans un petit entrep\u00f4t d\u2019\u00e0 peine 200m2, situ\u00e9 \u00e0 Badalona (province de Barcelona). A force de courage et de pers\u00e9v\u00e9rance, nous nous sommes ouverts un chemin dans le secteur du mobilier commercial, jusqu\u2019\u00e0 atteindre un niveau d\u2019excellence et de pouvoir rivaliser avec les fabricants les plus performants et comp\u00e9titifs d\u2019Europe.<\/p>\n<p>Le si\u00e8ge social, aujourd\u2019hui situ\u00e9 dans la municipalit\u00e9 de Sentmenat (province de Barcelona), b\u00e9n\u00e9ficie d\u2019installations modernes sur plus de 9600m2.<\/p>\n<p>Nous disposons d\u2019un personnel hautement qualifi\u00e9 et d\u2019un outil de production performant, ainsi que d\u2019un r\u00e9seau de collaborateurs bas\u00e9 dans toute l\u2019Europe pouvant r\u00e9pondre efficacement \u00e0 toutes les demandes de clients\u00a0:\u00a0\u00a0 gestion,\u00a0 d\u00e9veloppement technique,\u00a0 fabrication et installation de mobilier commercial dans le monde entier.<\/p>\n<\/div><div class=\"fusion-clearfix\"><\/div><\/div><\/div><div class=\"fusion-layout-column fusion_builder_column fusion-builder-column-1 fusion_builder_column_1_2 1_2 fusion-one-half fusion-column-last\" style=\"--awb-bg-position:center center;--awb-bg-size:cover;width:48%;\"><div class=\"fusion-column-wrapper fusion-flex-column-wrapper-legacy\"><div class=\"fusion-sep-clear\"><\/div><div class=\"fusion-separator fusion-full-width-sep\" style=\"margin-left: auto;margin-right: auto;margin-top:45px;margin-bottom:40px;width:100%;\"><\/div><div class=\"fusion-sep-clear\"><\/div><div class=\"fusion-image-element in-legacy-container\" style=\"--awb-caption-title-font-family:var(--h2_typography-font-family);--awb-caption-title-font-weight:var(--h2_typography-font-weight);--awb-caption-title-font-style:var(--h2_typography-font-style);--awb-caption-title-size:var(--h2_typography-font-size);--awb-caption-title-transform:var(--h2_typography-text-transform);--awb-caption-title-line-height:var(--h2_typography-line-height);--awb-caption-title-letter-spacing:var(--h2_typography-letter-spacing);\"><span class=\" fusion-imageframe imageframe-none imageframe-1 hover-type-none\"><img decoding=\"async\" width=\"600\" height=\"332\" title=\"webreception\" src=\"https:\/\/ebader.com\/wp-content\/uploads\/2022\/11\/webreception.jpg\" alt class=\"img-responsive wp-image-9002\" srcset=\"https:\/\/ebader.com\/wp-content\/uploads\/2022\/11\/webreception-200x111.jpg 200w, https:\/\/ebader.com\/wp-content\/uploads\/2022\/11\/webreception-400x221.jpg 400w, https:\/\/ebader.com\/wp-content\/uploads\/2022\/11\/webreception.jpg 600w\" sizes=\"(max-width: 800px) 100vw, 600px\" \/><\/span><\/div><div class=\"fusion-clearfix\"><\/div><\/div><\/div><\/div><\/div><div class=\"fusion-fullwidth fullwidth-box fusion-builder-row-2 nonhundred-percent-fullwidth non-hundred-percent-height-scrolling\" style=\"--awb-background-position:left top;--awb-border-sizes-top:0px;--awb-border-sizes-bottom:0px;--awb-border-sizes-left:0px;--awb-border-sizes-right:0px;--awb-border-radius-top-left:0px;--awb-border-radius-top-right:0px;--awb-border-radius-bottom-right:0px;--awb-border-radius-bottom-left:0px;--awb-padding-top:20px;--awb-padding-bottom:10px;--awb-background-color:#1c1c1c;--awb-flex-wrap:wrap;\" ><div class=\"fusion-builder-row fusion-row\"><div class=\"fusion-layout-column fusion_builder_column fusion-builder-column-2 fusion_builder_column_1_1 1_1 fusion-one-full fusion-column-first fusion-column-last\" style=\"--awb-bg-size:cover;\"><div class=\"fusion-column-wrapper fusion-flex-column-wrapper-legacy\"><div class=\"fusion-counters-box counters-box row fusion-clearfix fusion-columns-4\"><div class=\"fusion-counter-box fusion-column col-counter-box counter-box-wrapper col-lg-3 col-md-3 col-sm-3\" data-animationOffset=\"top-into-view\"><div class=\"counter-box-container\"><div class=\"content-box-percentage content-box-counter\"><span class=\"display-counter\" data-value=\"18\" data-direction=\"up\" data-decimals=\"0\">0<\/span><\/div><div class=\"counter-box-content\">Ans<\/div><\/div><\/div><div class=\"fusion-counter-box fusion-column col-counter-box counter-box-wrapper col-lg-3 col-md-3 col-sm-3\" data-animationOffset=\"top-into-view\"><div class=\"counter-box-container\"><div class=\"content-box-percentage content-box-counter\"><span class=\"display-counter\" data-value=\"793\" data-direction=\"up\" data-decimals=\"0\">0<\/span><\/div><div class=\"counter-box-content\">Clients<\/div><\/div><\/div><div class=\"fusion-counter-box fusion-column col-counter-box counter-box-wrapper col-lg-3 col-md-3 col-sm-3\" data-animationOffset=\"top-into-view\"><div class=\"counter-box-container\"><div class=\"content-box-percentage content-box-counter\"><span class=\"display-counter\" data-value=\"5528\" data-direction=\"up\" data-decimals=\"0\">0<\/span><\/div><div class=\"counter-box-content\">Projets<\/div><\/div><\/div><div class=\"fusion-counter-box fusion-column col-counter-box counter-box-wrapper col-lg-3 col-md-3 col-sm-3\" data-animationOffset=\"top-into-view\"><div class=\"counter-box-container\"><div class=\"content-box-percentage content-box-counter\"><span class=\"display-counter\" data-value=\"110\" data-direction=\"up\" data-decimals=\"0\">0<\/span><\/div><div class=\"counter-box-content\">Implantations pays<\/div><\/div><\/div><\/div><div class=\"clearfix\"><\/div><div class=\"fusion-clearfix\"><\/div><\/div><\/div><\/div><\/div><div class=\"fusion-fullwidth fullwidth-box fusion-builder-row-3 nonhundred-percent-fullwidth non-hundred-percent-height-scrolling\" style=\"--awb-background-position:left top;--awb-border-sizes-top:0px;--awb-border-sizes-bottom:0px;--awb-border-sizes-left:0px;--awb-border-sizes-right:0px;--awb-border-radius-top-left:0px;--awb-border-radius-top-right:0px;--awb-border-radius-bottom-right:0px;--awb-border-radius-bottom-left:0px;--awb-padding-top:50px;--awb-padding-bottom:50px;--awb-flex-wrap:wrap;\" ><div class=\"fusion-builder-row fusion-row\"><div class=\"fusion-layout-column fusion_builder_column fusion-builder-column-3 fusion_builder_column_1_1 1_1 fusion-one-full fusion-column-first fusion-column-last\" style=\"--awb-bg-size:cover;\"><div class=\"fusion-column-wrapper fusion-flex-column-wrapper-legacy\"><div class=\"fusion-image-element in-legacy-container\" style=\"--awb-caption-title-font-family:var(--h2_typography-font-family);--awb-caption-title-font-weight:var(--h2_typography-font-weight);--awb-caption-title-font-style:var(--h2_typography-font-style);--awb-caption-title-size:var(--h2_typography-font-size);--awb-caption-title-transform:var(--h2_typography-text-transform);--awb-caption-title-line-height:var(--h2_typography-line-height);--awb-caption-title-letter-spacing:var(--h2_typography-letter-spacing);\"><span class=\" fusion-imageframe imageframe-none imageframe-2 hover-type-none\"><img decoding=\"async\" width=\"1098\" height=\"452\" title=\"mapa\" src=\"https:\/\/ebader.com\/wp-content\/uploads\/2016\/01\/mapa.png\" alt class=\"img-responsive wp-image-1007\" srcset=\"https:\/\/ebader.com\/wp-content\/uploads\/2016\/01\/mapa-350x144.png 350w, https:\/\/ebader.com\/wp-content\/uploads\/2016\/01\/mapa-1024x422.png 1024w, https:\/\/ebader.com\/wp-content\/uploads\/2016\/01\/mapa.png 1098w\" sizes=\"(max-width: 1098px) 100vw, 1098px\" \/><\/span><\/div><div class=\"fusion-clearfix\"><\/div><\/div><\/div><\/div><\/div><\/p>\n","protected":false},"excerpt":{"rendered":"","protected":false},"author":1,"featured_media":0,"parent":0,"menu_order":0,"comment_status":"closed","ping_status":"closed","template":"100-width.php","meta":{"footnotes":""},"class_list":["post-2441","page","type-page","status-publish","hentry"],"yoast_head":"<!-- This site is optimized with the Yoast SEO plugin v27.4 - https:\/\/yoast.com\/product\/yoast-seo-wordpress\/ -->\n<title>ENTREPRISE - EBADER. COMERCIAL FURNITURE MANUFACTURER<\/title>\n<meta name=\"robots\" content=\"index, follow, max-snippet:-1, max-image-preview:large, max-video-preview:-1\" \/>\n<link rel=\"canonical\" href=\"https:\/\/ebader.com\/fr\/enterprise\/\" \/>\n<meta property=\"og:locale\" content=\"fr_FR\" \/>\n<meta property=\"og:type\" content=\"article\" \/>\n<meta property=\"og:title\" content=\"ENTREPRISE - EBADER. COMERCIAL FURNITURE MANUFACTURER\" \/>\n<meta property=\"og:url\" content=\"https:\/\/ebader.com\/fr\/enterprise\/\" \/>\n<meta property=\"og:site_name\" content=\"EBADER. COMERCIAL FURNITURE MANUFACTURER\" \/>\n<meta property=\"article:modified_time\" content=\"2024-02-21T07:49:56+00:00\" \/>\n<meta property=\"og:image\" content=\"https:\/\/ebader.com\/wp-content\/uploads\/2016\/01\/mapa.png\" \/>\n<meta name=\"twitter:card\" content=\"summary_large_image\" \/>\n<meta name=\"twitter:label1\" content=\"Dur\u00e9e de lecture estim\u00e9e\" \/>\n\t<meta name=\"twitter:data1\" content=\"3 minutes\" \/>\n<script type=\"application\/ld+json\" class=\"yoast-schema-graph\">{\"@context\":\"https:\\\/\\\/schema.org\",\"@graph\":[{\"@type\":\"WebPage\",\"@id\":\"https:\\\/\\\/ebader.com\\\/fr\\\/enterprise\\\/\",\"url\":\"https:\\\/\\\/ebader.com\\\/fr\\\/enterprise\\\/\",\"name\":\"ENTREPRISE - EBADER. COMERCIAL FURNITURE MANUFACTURER\",\"isPartOf\":{\"@id\":\"https:\\\/\\\/ebader.com\\\/fr\\\/#website\"},\"primaryImageOfPage\":{\"@id\":\"https:\\\/\\\/ebader.com\\\/fr\\\/enterprise\\\/#primaryimage\"},\"image\":{\"@id\":\"https:\\\/\\\/ebader.com\\\/fr\\\/enterprise\\\/#primaryimage\"},\"thumbnailUrl\":\"https:\\\/\\\/ebader.com\\\/wp-content\\\/uploads\\\/2016\\\/01\\\/mapa.png\",\"datePublished\":\"2016-04-27T16:54:29+00:00\",\"dateModified\":\"2024-02-21T07:49:56+00:00\",\"breadcrumb\":{\"@id\":\"https:\\\/\\\/ebader.com\\\/fr\\\/enterprise\\\/#breadcrumb\"},\"inLanguage\":\"fr-FR\",\"potentialAction\":[{\"@type\":\"ReadAction\",\"target\":[\"https:\\\/\\\/ebader.com\\\/fr\\\/enterprise\\\/\"]}]},{\"@type\":\"ImageObject\",\"inLanguage\":\"fr-FR\",\"@id\":\"https:\\\/\\\/ebader.com\\\/fr\\\/enterprise\\\/#primaryimage\",\"url\":\"https:\\\/\\\/ebader.com\\\/wp-content\\\/uploads\\\/2016\\\/01\\\/mapa.png\",\"contentUrl\":\"https:\\\/\\\/ebader.com\\\/wp-content\\\/uploads\\\/2016\\\/01\\\/mapa.png\"},{\"@type\":\"BreadcrumbList\",\"@id\":\"https:\\\/\\\/ebader.com\\\/fr\\\/enterprise\\\/#breadcrumb\",\"itemListElement\":[{\"@type\":\"ListItem\",\"position\":1,\"name\":\"Portada\",\"item\":\"https:\\\/\\\/ebader.com\\\/fr\\\/\"},{\"@type\":\"ListItem\",\"position\":2,\"name\":\"ENTREPRISE\"}]},{\"@type\":\"WebSite\",\"@id\":\"https:\\\/\\\/ebader.com\\\/fr\\\/#website\",\"url\":\"https:\\\/\\\/ebader.com\\\/fr\\\/\",\"name\":\"EBADER. COMERCIAL FURNITURE MANUFACTURER\",\"description\":\"Furniture design and manufacturing for Travel retail, Display cases, POS displays, promotional spaces, furniture export and installation throughout Europe.\",\"potentialAction\":[{\"@type\":\"SearchAction\",\"target\":{\"@type\":\"EntryPoint\",\"urlTemplate\":\"https:\\\/\\\/ebader.com\\\/fr\\\/?s={search_term_string}\"},\"query-input\":{\"@type\":\"PropertyValueSpecification\",\"valueRequired\":true,\"valueName\":\"search_term_string\"}}],\"inLanguage\":\"fr-FR\"}]}<\/script>\n<!-- \/ Yoast SEO plugin. -->","yoast_head_json":{"title":"ENTREPRISE - EBADER. COMERCIAL FURNITURE MANUFACTURER","robots":{"index":"index","follow":"follow","max-snippet":"max-snippet:-1","max-image-preview":"max-image-preview:large","max-video-preview":"max-video-preview:-1"},"canonical":"https:\/\/ebader.com\/fr\/enterprise\/","og_locale":"fr_FR","og_type":"article","og_title":"ENTREPRISE - EBADER. COMERCIAL FURNITURE MANUFACTURER","og_url":"https:\/\/ebader.com\/fr\/enterprise\/","og_site_name":"EBADER. COMERCIAL FURNITURE MANUFACTURER","article_modified_time":"2024-02-21T07:49:56+00:00","og_image":[{"url":"https:\/\/ebader.com\/wp-content\/uploads\/2016\/01\/mapa.png","type":"","width":"","height":""}],"twitter_card":"summary_large_image","twitter_misc":{"Dur\u00e9e de lecture estim\u00e9e":"3 minutes"},"schema":{"@context":"https:\/\/schema.org","@graph":[{"@type":"WebPage","@id":"https:\/\/ebader.com\/fr\/enterprise\/","url":"https:\/\/ebader.com\/fr\/enterprise\/","name":"ENTREPRISE - EBADER. COMERCIAL FURNITURE MANUFACTURER","isPartOf":{"@id":"https:\/\/ebader.com\/fr\/#website"},"primaryImageOfPage":{"@id":"https:\/\/ebader.com\/fr\/enterprise\/#primaryimage"},"image":{"@id":"https:\/\/ebader.com\/fr\/enterprise\/#primaryimage"},"thumbnailUrl":"https:\/\/ebader.com\/wp-content\/uploads\/2016\/01\/mapa.png","datePublished":"2016-04-27T16:54:29+00:00","dateModified":"2024-02-21T07:49:56+00:00","breadcrumb":{"@id":"https:\/\/ebader.com\/fr\/enterprise\/#breadcrumb"},"inLanguage":"fr-FR","potentialAction":[{"@type":"ReadAction","target":["https:\/\/ebader.com\/fr\/enterprise\/"]}]},{"@type":"ImageObject","inLanguage":"fr-FR","@id":"https:\/\/ebader.com\/fr\/enterprise\/#primaryimage","url":"https:\/\/ebader.com\/wp-content\/uploads\/2016\/01\/mapa.png","contentUrl":"https:\/\/ebader.com\/wp-content\/uploads\/2016\/01\/mapa.png"},{"@type":"BreadcrumbList","@id":"https:\/\/ebader.com\/fr\/enterprise\/#breadcrumb","itemListElement":[{"@type":"ListItem","position":1,"name":"Portada","item":"https:\/\/ebader.com\/fr\/"},{"@type":"ListItem","position":2,"name":"ENTREPRISE"}]},{"@type":"WebSite","@id":"https:\/\/ebader.com\/fr\/#website","url":"https:\/\/ebader.com\/fr\/","name":"EBADER. COMERCIAL FURNITURE MANUFACTURER","description":"Furniture design and manufacturing for Travel retail, Display cases, POS displays, promotional spaces, furniture export and installation throughout Europe.","potentialAction":[{"@type":"SearchAction","target":{"@type":"EntryPoint","urlTemplate":"https:\/\/ebader.com\/fr\/?s={search_term_string}"},"query-input":{"@type":"PropertyValueSpecification","valueRequired":true,"valueName":"search_term_string"}}],"inLanguage":"fr-FR"}]}},"_links":{"self":[{"href":"https:\/\/ebader.com\/fr\/wp-json\/wp\/v2\/pages\/2441","targetHints":{"allow":["GET"]}}],"collection":[{"href":"https:\/\/ebader.com\/fr\/wp-json\/wp\/v2\/pages"}],"about":[{"href":"https:\/\/ebader.com\/fr\/wp-json\/wp\/v2\/types\/page"}],"author":[{"embeddable":true,"href":"https:\/\/ebader.com\/fr\/wp-json\/wp\/v2\/users\/1"}],"replies":[{"embeddable":true,"href":"https:\/\/ebader.com\/fr\/wp-json\/wp\/v2\/comments?post=2441"}],"version-history":[{"count":50,"href":"https:\/\/ebader.com\/fr\/wp-json\/wp\/v2\/pages\/2441\/revisions"}],"predecessor-version":[{"id":9351,"href":"https:\/\/ebader.com\/fr\/wp-json\/wp\/v2\/pages\/2441\/revisions\/9351"}],"wp:attachment":[{"href":"https:\/\/ebader.com\/fr\/wp-json\/wp\/v2\/media?parent=2441"}],"curies":[{"name":"wp","href":"https:\/\/api.w.org\/{rel}","templated":true}]}}