{"id":2464,"date":"2016-01-15T20:04:45","date_gmt":"2016-01-15T20:04:45","guid":{"rendered":"http:\/\/ebader.com\/fr\/servicios\/"},"modified":"2022-11-26T09:34:34","modified_gmt":"2022-11-26T08:34:34","slug":"services","status":"publish","type":"page","link":"https:\/\/ebader.com\/fr\/services\/","title":{"rendered":"SERVICES"},"content":{"rendered":"<p><div class=\"fusion-fullwidth fullwidth-box fusion-builder-row-1 nonhundred-percent-fullwidth non-hundred-percent-height-scrolling\" style=\"--awb-background-position:left top;--awb-border-sizes-top:0px;--awb-border-sizes-bottom:0px;--awb-border-sizes-left:0px;--awb-border-sizes-right:0px;--awb-border-radius-top-left:0px;--awb-border-radius-top-right:0px;--awb-border-radius-bottom-right:0px;--awb-border-radius-bottom-left:0px;--awb-padding-top:20px;--awb-padding-bottom:50px;--awb-flex-wrap:wrap;\" ><div class=\"fusion-builder-row fusion-row\"><div class=\"fusion-layout-column fusion_builder_column fusion-builder-column-0 fusion_builder_column_1_2 1_2 fusion-one-half fusion-column-first\" style=\"--awb-bg-size:cover;width:48%; margin-right: 4%;\"><div class=\"fusion-column-wrapper fusion-flex-column-wrapper-legacy\"><div class=\"fusion-title title fusion-title-1 sep-underline sep-solid fusion-title-text fusion-title-size-one\"><h1 class=\"fusion-title-heading title-heading-left fusion-responsive-typography-calculated\" style=\"margin:0;--fontSize:24;line-height:1.17;\">SERVICES<\/h1><\/div><div class=\"fusion-text fusion-text-1\" style=\"--awb-text-transform:none;\"><p style=\"text-align: justify;\">Install\u00e9s dans notre unit\u00e9 centrale de Sentmenat (province de Barcelona) , sur plus de 9600m2, nous \u00a0b\u00e9n\u00e9ficions d\u2019un personnel\u00a0 hautement qualifi\u00e9 et de machines \u00e0 la pointe de la technologie, qui nous permettent d\u2019offrir un service de qualit\u00e9 \u00e0 nos clients. Nous produisons du mobilier et des pr\u00e9sentoirs de luxe, \u00a0en grandes ou petites s\u00e9ries, pour des entreprises de renom, que nous installons dans tout type de commerce.<\/p>\n<p style=\"text-align: justify;\">Nos produits sont livr\u00e9s enti\u00e8rement achev\u00e9s \u00a0et convenablement emball\u00e9s vers toutes destinations. L\u2019agencement \u00a0du mobilier est essentiellement r\u00e9alis\u00e9 par le personnel d\u2019Abader.\u00a0 Toutefois, il est possible de faire appel, si le projet le n\u00e9cessite, \u00e0 des collaborateurs ext\u00e9rieurs hautement qualifi\u00e9s.<\/p>\n<\/div><div class=\"fusion-clearfix\"><\/div><\/div><\/div><div class=\"fusion-layout-column fusion_builder_column fusion-builder-column-1 fusion_builder_column_1_2 1_2 fusion-one-half fusion-column-last\" style=\"--awb-bg-size:cover;width:48%;\"><div class=\"fusion-column-wrapper fusion-flex-column-wrapper-legacy\"><div class=\"fusion-sep-clear\"><\/div><div class=\"fusion-separator fusion-full-width-sep\" style=\"margin-left: auto;margin-right: auto;margin-top:10px;margin-bottom:77px;width:100%;\"><\/div><div class=\"fusion-sep-clear\"><\/div><div class=\"fusion-image-element in-legacy-container\" style=\"--awb-caption-title-font-family:var(--h2_typography-font-family);--awb-caption-title-font-weight:var(--h2_typography-font-weight);--awb-caption-title-font-style:var(--h2_typography-font-style);--awb-caption-title-size:var(--h2_typography-font-size);--awb-caption-title-transform:var(--h2_typography-text-transform);--awb-caption-title-line-height:var(--h2_typography-line-height);--awb-caption-title-letter-spacing:var(--h2_typography-letter-spacing);\"><span class=\" fusion-imageframe imageframe-none imageframe-1 hover-type-none\"><img decoding=\"async\" width=\"800\" height=\"446\" title=\"technical-office2\" src=\"https:\/\/ebader.com\/wp-content\/uploads\/2022\/11\/technical-office2.jpg\" alt class=\"img-responsive wp-image-9014\" srcset=\"https:\/\/ebader.com\/wp-content\/uploads\/2022\/11\/technical-office2-200x112.jpg 200w, https:\/\/ebader.com\/wp-content\/uploads\/2022\/11\/technical-office2-400x223.jpg 400w, https:\/\/ebader.com\/wp-content\/uploads\/2022\/11\/technical-office2-600x335.jpg 600w, https:\/\/ebader.com\/wp-content\/uploads\/2022\/11\/technical-office2.jpg 800w\" sizes=\"(max-width: 800px) 100vw, 600px\" \/><\/span><\/div><div class=\"fusion-clearfix\"><\/div><\/div><\/div><\/div><\/div><div class=\"fusion-fullwidth fullwidth-box fusion-builder-row-2 nonhundred-percent-fullwidth non-hundred-percent-height-scrolling\" style=\"--awb-border-radius-top-left:0px;--awb-border-radius-top-right:0px;--awb-border-radius-bottom-right:0px;--awb-border-radius-bottom-left:0px;--awb-padding-right:30px;--awb-padding-left:30px;--awb-margin-top:10px;--awb-margin-bottom:10px;--awb-background-color:rgba(255,255,255,0);--awb-flex-wrap:wrap;\" ><div class=\"fusion-builder-row fusion-row\"><div class=\"fusion-layout-column fusion_builder_column fusion-builder-column-2 fusion_builder_column_1_1 1_1 fusion-one-full fusion-column-first fusion-column-last fusion-column-no-min-height\" style=\"--awb-bg-size:cover;--awb-margin-bottom:0px;\"><div class=\"fusion-column-wrapper fusion-flex-column-wrapper-legacy\"><div class=\"fusion-flip-boxes flip-boxes row fusion-columns-1 flip-effect-classic flipis\"><div class=\"fusion-flip-box-wrapper fusion-column col-lg-12 col-md-12 col-sm-12\"><div class=\"fusion-flip-box flip-right\" tabindex=\"0\"><div class=\"flip-box-inner-wrapper\"><div class=\"flip-box-front\" style=\"--awb-border-color:#ff8000;--awb-border-size:2px;--awb-border-radius:15px;--awb-background-color-front:#000000;--awb-title-front-color:#ff8000;\"><div class=\"flip-box-front-inner\"><h2 class=\"flip-box-heading without-text\">BUREAU D'\u00c9TUDE<\/h2><\/div><\/div><div class=\"flip-box-back\" style=\"--awb-border-color:#ff8000;--awb-border-size:2px;--awb-border-radius:15px;--awb-background-color-back:#ff8000;--awb-text-back-color:#000000;\"><div class=\"flip-box-back-inner\">\n<p>L a cr\u00e9ativit\u00e9 et l\u2019exp\u00e9rience dans le domaine de l\u2019ameublement font parties de nos points forts. Nos dessinateurs et nos techniciens\u00a0 travaillent main dans la main afin de satisfaire au mieux nos clients<\/p>\n<\/div><\/div><\/div><\/div><\/div><\/div><div class=\"clearfix\"><\/div><div class=\"fusion-sep-clear\"><\/div><div class=\"fusion-separator fusion-full-width-sep\" style=\"margin-left: auto;margin-right: auto;margin-top:5px;margin-bottom:45px;width:100%;\"><div class=\"fusion-separator-border sep-shadow\" style=\"--awb-height:20px;--awb-amount:20px;background:radial-gradient(ellipse at 50% -50% , #e0dede 0px, rgba(255, 255, 255, 0) 80%) repeat scroll 0 0 rgba(0, 0, 0, 0);background:-webkit-radial-gradient(ellipse at 50% -50% , #e0dede 0px, rgba(255, 255, 255, 0) 80%) repeat scroll 0 0 rgba(0, 0, 0, 0);background:-moz-radial-gradient(ellipse at 50% -50% , #e0dede 0px, rgba(255, 255, 255, 0) 80%) repeat scroll 0 0 rgba(0, 0, 0, 0);background:-o-radial-gradient(ellipse at 50% -50% , #e0dede 0px, rgba(255, 255, 255, 0) 80%) repeat scroll 0 0 rgba(0, 0, 0, 0);\"><\/div><\/div><div class=\"fusion-sep-clear\"><\/div><div class=\"fusion-flip-boxes flip-boxes row fusion-columns-1 flip-effect-classic flipis\"><div class=\"fusion-flip-box-wrapper fusion-column col-lg-12 col-md-12 col-sm-12\"><div class=\"fusion-flip-box flip-right\" tabindex=\"0\"><div class=\"flip-box-inner-wrapper\"><div class=\"flip-box-front\" style=\"--awb-border-color:#ff8000;--awb-border-size:2px;--awb-border-radius:15px;--awb-background-color-front:#000000;--awb-title-front-color:#ff8000;\"><div class=\"flip-box-front-inner\"><h2 class=\"flip-box-heading without-text\">FABRICATION<\/h2><\/div><\/div><div class=\"flip-box-back\" style=\"--awb-border-color:#ff8000;--awb-border-size:2px;--awb-border-radius:15px;--awb-background-color-back:#ff8000;--awb-text-back-color:#000000;\"><div class=\"flip-box-back-inner\">\n<p>Le d\u00e9veloppement, la fabrication et la mise en place de notre mobilier (commercial, promotionnel, PLV) est enti\u00e8rement g\u00e9r\u00e9 par EBADER \u00a0afin d\u2019assurer un suivi parfait et garantir le niveau de qualit\u00e9 qui nous d\u00e9fini.<\/p>\n<\/div><\/div><\/div><\/div><\/div><\/div><div class=\"clearfix\"><\/div><div class=\"fusion-sep-clear\"><\/div><div class=\"fusion-separator fusion-full-width-sep\" style=\"margin-left: auto;margin-right: auto;margin-top:5px;margin-bottom:45px;width:100%;\"><div class=\"fusion-separator-border sep-shadow\" style=\"--awb-height:20px;--awb-amount:20px;background:radial-gradient(ellipse at 50% -50% , #e0dede 0px, rgba(255, 255, 255, 0) 80%) repeat scroll 0 0 rgba(0, 0, 0, 0);background:-webkit-radial-gradient(ellipse at 50% -50% , #e0dede 0px, rgba(255, 255, 255, 0) 80%) repeat scroll 0 0 rgba(0, 0, 0, 0);background:-moz-radial-gradient(ellipse at 50% -50% , #e0dede 0px, rgba(255, 255, 255, 0) 80%) repeat scroll 0 0 rgba(0, 0, 0, 0);background:-o-radial-gradient(ellipse at 50% -50% , #e0dede 0px, rgba(255, 255, 255, 0) 80%) repeat scroll 0 0 rgba(0, 0, 0, 0);\"><\/div><\/div><div class=\"fusion-sep-clear\"><\/div><div class=\"fusion-flip-boxes flip-boxes row fusion-columns-1 flip-effect-classic flipis\"><div class=\"fusion-flip-box-wrapper fusion-column col-lg-12 col-md-12 col-sm-12\"><div class=\"fusion-flip-box flip-right\" tabindex=\"0\"><div class=\"flip-box-inner-wrapper\"><div class=\"flip-box-front\" style=\"--awb-border-color:#ff8000;--awb-border-size:2px;--awb-border-radius:15px;--awb-background-color-front:#000000;--awb-title-front-color:#ff8000;\"><div class=\"flip-box-front-inner\"><h2 class=\"flip-box-heading without-text\">LOGISTIQUE<\/h2><\/div><\/div><div class=\"flip-box-back\" style=\"--awb-border-color:#ff8000;--awb-border-size:2px;--awb-border-radius:15px;--awb-background-color-back:#ff8000;--awb-text-back-color:#000000;\"><div class=\"flip-box-back-inner\">\n<p>L\u2019efficacit\u00e9 de notre d\u00e9partement logistique nous permet d\u2019assurer une distribution et une livraison de nos produits dans les temps requis.<\/p>\n<\/div><\/div><\/div><\/div><\/div><\/div><div class=\"clearfix\"><\/div><div class=\"fusion-sep-clear\"><\/div><div class=\"fusion-separator fusion-full-width-sep\" style=\"margin-left: auto;margin-right: auto;margin-top:5px;margin-bottom:45px;width:100%;\"><div class=\"fusion-separator-border sep-shadow\" style=\"--awb-height:20px;--awb-amount:20px;background:radial-gradient(ellipse at 50% -50% , #e0dede 0px, rgba(255, 255, 255, 0) 80%) repeat scroll 0 0 rgba(0, 0, 0, 0);background:-webkit-radial-gradient(ellipse at 50% -50% , #e0dede 0px, rgba(255, 255, 255, 0) 80%) repeat scroll 0 0 rgba(0, 0, 0, 0);background:-moz-radial-gradient(ellipse at 50% -50% , #e0dede 0px, rgba(255, 255, 255, 0) 80%) repeat scroll 0 0 rgba(0, 0, 0, 0);background:-o-radial-gradient(ellipse at 50% -50% , #e0dede 0px, rgba(255, 255, 255, 0) 80%) repeat scroll 0 0 rgba(0, 0, 0, 0);\"><\/div><\/div><div class=\"fusion-sep-clear\"><\/div><div class=\"fusion-flip-boxes flip-boxes row fusion-columns-1 flip-effect-classic flipis\"><div class=\"fusion-flip-box-wrapper fusion-column col-lg-12 col-md-12 col-sm-12\"><div class=\"fusion-flip-box flip-right\" tabindex=\"0\"><div class=\"flip-box-inner-wrapper\"><div class=\"flip-box-front\" style=\"--awb-border-color:#ff8000;--awb-border-size:2px;--awb-border-radius:15px;--awb-background-color-front:#000000;--awb-title-front-color:#ff8000;\"><div class=\"flip-box-front-inner\"><h2 class=\"flip-box-heading without-text\">IMPLANTATION<\/h2><\/div><\/div><div class=\"flip-box-back\" style=\"--awb-border-color:#ff8000;--awb-border-size:2px;--awb-border-radius:15px;--awb-background-color-back:#ff8000;--awb-text-back-color:#000000;\"><div class=\"flip-box-back-inner\">\n<p>Installation de tout type de mobilier par le personnel d\u2019EBADER afin d\u2019assurer un agencement parfait.<\/p>\n<\/div><\/div><\/div><\/div><\/div><\/div><div class=\"clearfix\"><\/div><div class=\"fusion-sep-clear\"><\/div><div class=\"fusion-separator fusion-full-width-sep\" style=\"margin-left: auto;margin-right: auto;margin-top:5px;margin-bottom:45px;width:100%;\"><div class=\"fusion-separator-border sep-shadow\" style=\"--awb-height:20px;--awb-amount:20px;background:radial-gradient(ellipse at 50% -50% , #e0dede 0px, rgba(255, 255, 255, 0) 80%) repeat scroll 0 0 rgba(0, 0, 0, 0);background:-webkit-radial-gradient(ellipse at 50% -50% , #e0dede 0px, rgba(255, 255, 255, 0) 80%) repeat scroll 0 0 rgba(0, 0, 0, 0);background:-moz-radial-gradient(ellipse at 50% -50% , #e0dede 0px, rgba(255, 255, 255, 0) 80%) repeat scroll 0 0 rgba(0, 0, 0, 0);background:-o-radial-gradient(ellipse at 50% -50% , #e0dede 0px, rgba(255, 255, 255, 0) 80%) repeat scroll 0 0 rgba(0, 0, 0, 0);\"><\/div><\/div><div class=\"fusion-sep-clear\"><\/div><div class=\"fusion-flip-boxes flip-boxes row fusion-columns-1 flip-effect-classic flipis\"><div class=\"fusion-flip-box-wrapper fusion-column col-lg-12 col-md-12 col-sm-12\"><div class=\"fusion-flip-box flip-right\" tabindex=\"0\"><div class=\"flip-box-inner-wrapper\"><div class=\"flip-box-front\" style=\"--awb-border-color:#ff8000;--awb-border-size:2px;--awb-border-radius:15px;--awb-background-color-front:#000000;--awb-title-front-color:#ff8000;\"><div class=\"flip-box-front-inner\"><h2 class=\"flip-box-heading without-text\">SAV<\/h2><\/div><\/div><div class=\"flip-box-back\" style=\"--awb-border-color:#ff8000;--awb-border-size:2px;--awb-border-radius:15px;--awb-background-color-back:#ff8000;--awb-text-back-color:#000000;\"><div class=\"flip-box-back-inner\">\n<p>Nous avons conscience de la difficult\u00e9 de maintenir un meuble en bon \u00e9tat de fonctionnement. Avec EBADER,\u00a0 le client n\u2019a pas \u00e0 se soucier d\u2019\u00e9ventuels probl\u00e8mes de maintenance. Gr\u00e2ce \u00e0 la qualit\u00e9 exceptionnelle des mat\u00e9riaux que nous utilisons, notre mobilier n\u00e9cessite peu d\u2019entretien. Toutefois, nos \u00e9quipes professionnelles se d\u00e9placent rapidement et efficacement quel que soit le point de vente.<\/p>\n<\/div><\/div><\/div><\/div><\/div><\/div><div class=\"clearfix\"><\/div><div class=\"fusion-clearfix\"><\/div><\/div><\/div><\/div><\/div><\/p>\n","protected":false},"excerpt":{"rendered":"","protected":false},"author":1,"featured_media":0,"parent":0,"menu_order":0,"comment_status":"closed","ping_status":"closed","template":"100-width.php","meta":{"footnotes":""},"class_list":["post-2464","page","type-page","status-publish","hentry"],"yoast_head":"<!-- This site is optimized with the Yoast SEO plugin v27.4 - https:\/\/yoast.com\/product\/yoast-seo-wordpress\/ -->\n<title>SERVICES - EBADER. COMERCIAL FURNITURE MANUFACTURER<\/title>\n<meta name=\"robots\" content=\"index, follow, max-snippet:-1, max-image-preview:large, max-video-preview:-1\" \/>\n<link rel=\"canonical\" href=\"https:\/\/ebader.com\/fr\/services\/\" \/>\n<meta property=\"og:locale\" content=\"fr_FR\" \/>\n<meta property=\"og:type\" content=\"article\" \/>\n<meta property=\"og:title\" content=\"SERVICES - EBADER. COMERCIAL FURNITURE MANUFACTURER\" \/>\n<meta property=\"og:url\" content=\"https:\/\/ebader.com\/fr\/services\/\" \/>\n<meta property=\"og:site_name\" content=\"EBADER. COMERCIAL FURNITURE MANUFACTURER\" \/>\n<meta property=\"article:modified_time\" content=\"2022-11-26T08:34:34+00:00\" \/>\n<meta name=\"twitter:card\" content=\"summary_large_image\" \/>\n<meta name=\"twitter:label1\" content=\"Dur\u00e9e de lecture estim\u00e9e\" \/>\n\t<meta name=\"twitter:data1\" content=\"9 minutes\" \/>\n<script type=\"application\/ld+json\" class=\"yoast-schema-graph\">{\"@context\":\"https:\\\/\\\/schema.org\",\"@graph\":[{\"@type\":\"WebPage\",\"@id\":\"https:\\\/\\\/ebader.com\\\/fr\\\/services\\\/\",\"url\":\"https:\\\/\\\/ebader.com\\\/fr\\\/services\\\/\",\"name\":\"SERVICES - EBADER. COMERCIAL FURNITURE MANUFACTURER\",\"isPartOf\":{\"@id\":\"https:\\\/\\\/ebader.com\\\/fr\\\/#website\"},\"datePublished\":\"2016-01-15T20:04:45+00:00\",\"dateModified\":\"2022-11-26T08:34:34+00:00\",\"breadcrumb\":{\"@id\":\"https:\\\/\\\/ebader.com\\\/fr\\\/services\\\/#breadcrumb\"},\"inLanguage\":\"fr-FR\",\"potentialAction\":[{\"@type\":\"ReadAction\",\"target\":[\"https:\\\/\\\/ebader.com\\\/fr\\\/services\\\/\"]}]},{\"@type\":\"BreadcrumbList\",\"@id\":\"https:\\\/\\\/ebader.com\\\/fr\\\/services\\\/#breadcrumb\",\"itemListElement\":[{\"@type\":\"ListItem\",\"position\":1,\"name\":\"Portada\",\"item\":\"https:\\\/\\\/ebader.com\\\/fr\\\/\"},{\"@type\":\"ListItem\",\"position\":2,\"name\":\"SERVICES\"}]},{\"@type\":\"WebSite\",\"@id\":\"https:\\\/\\\/ebader.com\\\/fr\\\/#website\",\"url\":\"https:\\\/\\\/ebader.com\\\/fr\\\/\",\"name\":\"EBADER. COMERCIAL FURNITURE MANUFACTURER\",\"description\":\"Furniture design and manufacturing for Travel retail, Display cases, POS displays, promotional spaces, furniture export and installation throughout Europe.\",\"potentialAction\":[{\"@type\":\"SearchAction\",\"target\":{\"@type\":\"EntryPoint\",\"urlTemplate\":\"https:\\\/\\\/ebader.com\\\/fr\\\/?s={search_term_string}\"},\"query-input\":{\"@type\":\"PropertyValueSpecification\",\"valueRequired\":true,\"valueName\":\"search_term_string\"}}],\"inLanguage\":\"fr-FR\"}]}<\/script>\n<!-- \/ Yoast SEO plugin. -->","yoast_head_json":{"title":"SERVICES - EBADER. COMERCIAL FURNITURE MANUFACTURER","robots":{"index":"index","follow":"follow","max-snippet":"max-snippet:-1","max-image-preview":"max-image-preview:large","max-video-preview":"max-video-preview:-1"},"canonical":"https:\/\/ebader.com\/fr\/services\/","og_locale":"fr_FR","og_type":"article","og_title":"SERVICES - EBADER. COMERCIAL FURNITURE MANUFACTURER","og_url":"https:\/\/ebader.com\/fr\/services\/","og_site_name":"EBADER. COMERCIAL FURNITURE MANUFACTURER","article_modified_time":"2022-11-26T08:34:34+00:00","twitter_card":"summary_large_image","twitter_misc":{"Dur\u00e9e de lecture estim\u00e9e":"9 minutes"},"schema":{"@context":"https:\/\/schema.org","@graph":[{"@type":"WebPage","@id":"https:\/\/ebader.com\/fr\/services\/","url":"https:\/\/ebader.com\/fr\/services\/","name":"SERVICES - EBADER. COMERCIAL FURNITURE MANUFACTURER","isPartOf":{"@id":"https:\/\/ebader.com\/fr\/#website"},"datePublished":"2016-01-15T20:04:45+00:00","dateModified":"2022-11-26T08:34:34+00:00","breadcrumb":{"@id":"https:\/\/ebader.com\/fr\/services\/#breadcrumb"},"inLanguage":"fr-FR","potentialAction":[{"@type":"ReadAction","target":["https:\/\/ebader.com\/fr\/services\/"]}]},{"@type":"BreadcrumbList","@id":"https:\/\/ebader.com\/fr\/services\/#breadcrumb","itemListElement":[{"@type":"ListItem","position":1,"name":"Portada","item":"https:\/\/ebader.com\/fr\/"},{"@type":"ListItem","position":2,"name":"SERVICES"}]},{"@type":"WebSite","@id":"https:\/\/ebader.com\/fr\/#website","url":"https:\/\/ebader.com\/fr\/","name":"EBADER. COMERCIAL FURNITURE MANUFACTURER","description":"Furniture design and manufacturing for Travel retail, Display cases, POS displays, promotional spaces, furniture export and installation throughout Europe.","potentialAction":[{"@type":"SearchAction","target":{"@type":"EntryPoint","urlTemplate":"https:\/\/ebader.com\/fr\/?s={search_term_string}"},"query-input":{"@type":"PropertyValueSpecification","valueRequired":true,"valueName":"search_term_string"}}],"inLanguage":"fr-FR"}]}},"_links":{"self":[{"href":"https:\/\/ebader.com\/fr\/wp-json\/wp\/v2\/pages\/2464","targetHints":{"allow":["GET"]}}],"collection":[{"href":"https:\/\/ebader.com\/fr\/wp-json\/wp\/v2\/pages"}],"about":[{"href":"https:\/\/ebader.com\/fr\/wp-json\/wp\/v2\/types\/page"}],"author":[{"embeddable":true,"href":"https:\/\/ebader.com\/fr\/wp-json\/wp\/v2\/users\/1"}],"replies":[{"embeddable":true,"href":"https:\/\/ebader.com\/fr\/wp-json\/wp\/v2\/comments?post=2464"}],"version-history":[{"count":23,"href":"https:\/\/ebader.com\/fr\/wp-json\/wp\/v2\/pages\/2464\/revisions"}],"predecessor-version":[{"id":9019,"href":"https:\/\/ebader.com\/fr\/wp-json\/wp\/v2\/pages\/2464\/revisions\/9019"}],"wp:attachment":[{"href":"https:\/\/ebader.com\/fr\/wp-json\/wp\/v2\/media?parent=2464"}],"curies":[{"name":"wp","href":"https:\/\/api.w.org\/{rel}","templated":true}]}}