{"id":2547,"date":"2016-03-11T15:22:23","date_gmt":"2016-03-11T15:22:23","guid":{"rendered":"http:\/\/ebader.com\/fr\/privacy-policy\/"},"modified":"2024-02-19T09:25:31","modified_gmt":"2024-02-19T08:25:31","slug":"politique-de-confidentialite","status":"publish","type":"page","link":"https:\/\/ebader.com\/fr\/politique-de-confidentialite\/","title":{"rendered":"POLITIQUE DE CONFIDENTIALIT\u00c9"},"content":{"rendered":"<div class=\"fusion-fullwidth fullwidth-box fusion-builder-row-1 fusion-flex-container nonhundred-percent-fullwidth non-hundred-percent-height-scrolling\" style=\"--awb-border-radius-top-left:0px;--awb-border-radius-top-right:0px;--awb-border-radius-bottom-right:0px;--awb-border-radius-bottom-left:0px;--awb-flex-wrap:wrap;\" ><div class=\"fusion-builder-row fusion-row fusion-flex-align-items-flex-start fusion-flex-content-wrap\" style=\"max-width:1144px;margin-left: calc(-4% \/ 2 );margin-right: calc(-4% \/ 2 );\"><div class=\"fusion-layout-column fusion_builder_column fusion-builder-column-0 fusion_builder_column_1_1 1_1 fusion-flex-column\" style=\"--awb-bg-size:cover;--awb-width-large:100%;--awb-margin-top-large:0px;--awb-spacing-right-large:1.92%;--awb-margin-bottom-large:0px;--awb-spacing-left-large:1.92%;--awb-width-medium:100%;--awb-spacing-right-medium:1.92%;--awb-spacing-left-medium:1.92%;--awb-width-small:100%;--awb-spacing-right-small:1.92%;--awb-spacing-left-small:1.92%;\"><div class=\"fusion-column-wrapper fusion-flex-justify-content-flex-start fusion-content-layout-column\"><div class=\"fusion-text fusion-text-1 fusion-text-no-margin\" style=\"--awb-text-transform:none;--awb-margin-top:50px;--awb-margin-bottom:50px;\"><p>EBADER WE TRANSFORM THE WOOD, S.L. garantit le respect de la r\u00e9glementation en vigueur en mati\u00e8re de protection des donn\u00e9es personnelles, et informe donc que notre activit\u00e9 est r\u00e9gie par le R\u00e8glement G\u00e9n\u00e9ral sur la Protection des Donn\u00e9es (RGPD), R\u00e8glement (UE) 2016\/679 du Parlement et du Conseil, du 27 avril 2016 , concernant la protection des personnes physiques \u00e0 l&rsquo;\u00e9gard du traitement des donn\u00e9es personnelles et la libre circulation de ces donn\u00e9es (publi\u00e9 le 4 mai 2016), et les r\u00e9glementations nationales applicables, principalement la loi organique 3\/2018 du 5 d\u00e9cembre du la Protection des Donn\u00e9es Personnelles et la garantie des droits num\u00e9riques (BOE du 6 d\u00e9cembre 2018).<\/p>\n<p>Conform\u00e9ment aux dispositions de l&rsquo;article 10 de la loi 34\/2002 du 11 juillet sur les services de la soci\u00e9t\u00e9 de l&rsquo;information et du commerce \u00e9lectronique (LSSI-CE), il est indiqu\u00e9 que ce site Web est la propri\u00e9t\u00e9 d&rsquo;EBADER WE TRANSFORM THE WOOD, S.L. avec NIF : B65434615.<\/p>\n<p>Le but du site officiel de notre entreprise est de g\u00e9rer la relation avec nos clients et fournisseurs, y compris \u00e9galement la gestion commerciale de l&rsquo;entreprise, c&rsquo;est-\u00e0-dire la possibilit\u00e9 d&rsquo;envoyer des communications commerciales ou des avis pour r\u00e9aliser des activit\u00e9s promotionnelles.<\/p>\n<p>L&rsquo;utilisation et l&rsquo;utilisation de ce site Web par les utilisateurs qui y acc\u00e8dent, qu&rsquo;ils soient clients, fournisseurs ou clients potentiels, impliquent l&rsquo;acceptation pleine et expresse de toutes les conditions \u00e9nonc\u00e9es dans ce document. S&rsquo;il existe une particularit\u00e9 sp\u00e9cifique, elle sera expliqu\u00e9e dans la section correspondante.<\/p>\n<p>La soci\u00e9t\u00e9 EBADER WE TRANSFORM THE WOOD, S.L. peut apporter des modifications ou des changements appropri\u00e9s \u00e0 ce site sans pr\u00e9avis. Cela concerne les \u00e9ventuelles mises \u00e0 jour du site tant dans le contenu que dans la conception et implique que des actions de maintenance puissent \u00e9galement \u00eatre effectu\u00e9es sur les informations contenues afin de les maintenir d\u00fbment mises \u00e0 jour.<\/p>\n<p>EBADER WE TRANSFORM THE WOOD, S.L. garantit le respect de la r\u00e9glementation en vigueur en mati\u00e8re de protection des donn\u00e9es personnelles, et informe donc que notre activit\u00e9 est r\u00e9gie par le R\u00e8glement G\u00e9n\u00e9ral sur la Protection des Donn\u00e9es (RGPD), R\u00e8glement (UE) 2016\/679 du Parlement et du Conseil, du 27 avril 2016 , concernant la protection des personnes physiques \u00e0 l&rsquo;\u00e9gard du traitement des donn\u00e9es personnelles et la libre circulation de ces donn\u00e9es (publi\u00e9 le 4 mai 2016), et les r\u00e9glementations nationales applicables, principalement la loi organique 3\/2018 du 5 d\u00e9cembre du la Protection des Donn\u00e9es Personnelles et la garantie des droits num\u00e9riques (BOE du 6 d\u00e9cembre 2018).<\/p>\n<p>Le R\u00e8glement g\u00e9n\u00e9ral sur la protection des donn\u00e9es (RGPD) 2016\/679 de l&rsquo;UE, compl\u00e9t\u00e9 par la loi organique 3\/2018, offre aux utilisateurs la possibilit\u00e9 d&rsquo;exercer une s\u00e9rie de droits li\u00e9s au traitement de leurs donn\u00e9es personnelles.<\/p>\n<p>En ce qui concerne les donn\u00e9es utilisateur trait\u00e9es par EBADER WE TRANSFORM THE WOOD, S.L., les droits d&rsquo;acc\u00e8s, de rectification, de limitation du traitement, d&rsquo;opposition, de portabilit\u00e9 des donn\u00e9es et de suppression peuvent \u00eatre exerc\u00e9s gratuitement, toujours conform\u00e9ment aux dispositions. des r\u00e9glementations l\u00e9gales en vigueur \u00e9num\u00e9r\u00e9es ci-dessus concernant la protection des donn\u00e9es personnelles.<\/p>\n<p>Pour exercer ces droits, l&rsquo;utilisateur doit \u00e9crire et fournir des documents prouvant son identit\u00e9 (DNI ou passeport), \u00e0 l&rsquo;adresse suivante : info@ebader.com EBADER WE TRANSFORM THE WOOD, S.L. Ce document doit contenir le nom et le pr\u00e9nom de l&rsquo;int\u00e9ress\u00e9 ou de l&rsquo;utilisateur, la demande de candidature, l&rsquo;adresse et les justificatifs d&rsquo;identit\u00e9 correspondants.<\/p>\n<p>L&rsquo;exercice des droits doit \u00eatre effectu\u00e9 par l&rsquo;utilisateur lui-m\u00eame, bien qu&rsquo;ils puissent \u00e9galement \u00eatre exerc\u00e9s par une personne autoris\u00e9e en tant que repr\u00e9sentant l\u00e9gal de la personne autoris\u00e9e. Dans ce cas, il faudra fournir des documents prouvant cette repr\u00e9sentation de l&rsquo;int\u00e9ress\u00e9.<\/p>\n<p><strong>Politique de protection des donn\u00e9es<\/strong><\/p>\n<p>Conform\u00e9ment au R\u00c8GLEMENT (UE) 2016\/679 DU PARLEMENT EUROP\u00c9EN ET DU CONSEIL du 27 avril 2016 relatif \u00e0 la protection des personnes physiques \u00e0 l&rsquo;\u00e9gard du traitement des donn\u00e9es \u00e0 caract\u00e8re personnel et \u00e0 la libre circulation de ces donn\u00e9es et \u00e0 son \u00e9volution r\u00e9glementaire , vous \u00eates inform\u00e9 que les donn\u00e9es personnelles que vous fournissez seront trait\u00e9es dans le but de fournir les informations demand\u00e9es sur nos produits et services, ainsi que pour r\u00e9pondre et g\u00e9rer vos commentaires et suggestions. Votre consentement constitue la base juridique du traitement des donn\u00e9es.<\/p>\n<p>En remplissant les formulaires de contact sur le site Web ou en envoyant des e-mails ou tout autre type de demande d&rsquo;informations adress\u00e9e \u00e0 EBADER WE TRANSFORM THE WOOD S.L. L&rsquo;int\u00e9ress\u00e9 donne son consentement expr\u00e8s pour le traitement de ses donn\u00e9es personnelles.<\/p>\n<p>En aucun cas EBADER WE TRANSFORM THE WOOD S.L. utilisera les donn\u00e9es personnelles des personnes int\u00e9ress\u00e9es \u00e0 des fins autres que celles mentionn\u00e9es ci-dessus, ni les communiquera \u00e0 des tiers sans le consentement pr\u00e9alable et expr\u00e8s de la personne concern\u00e9e, et s&rsquo;engage \u00e0 maintenir le secret professionnel et \u00e0 \u00e9tablir les conditions techniques et mesures organisationnelles pour la sauvegarde des informations, conform\u00e9ment aux exigences \u00e9tablies par le r\u00e8glement susmentionn\u00e9.<\/p>\n<p>Vos donn\u00e9es personnelles seront conserv\u00e9es dans nos dossiers pendant toute la dur\u00e9e de la relation commerciale. Cependant, vous pouvez \u00e0 tout moment demander l&rsquo;acc\u00e8s \u00e0 vos donn\u00e9es personnelles ainsi que leur rectification ou leur suppression. En outre, limiter leur traitement, ou s&rsquo;opposer directement au traitement ou exercer le droit \u00e0 la portabilit\u00e9 de celui-ci par \u00e9crit, accompagn\u00e9 d&rsquo;une copie d&rsquo;un document officiel qui vous identifie, adress\u00e9 \u00e0 EBADER WE TRANSFORM THE WOOD S.L via l&rsquo;e-mail info@ ebader.com<\/p>\n<p><strong>Politique de protection des mineurs<\/strong><\/p>\n<p>L&rsquo;acc\u00e8s et l&rsquo;utilisation de ce site Internet sont interdits aux mineurs de moins de 13 ans non d\u00fbment autoris\u00e9s. EBADER WE TRANSFORM THE WOOD S.L. comprend qu&rsquo;\u00e0 partir du moment o\u00f9 un mineur acc\u00e8de \u00e0 ce site Web, il a l&rsquo;autorisation de ses parents, tuteur ou repr\u00e9sentant l\u00e9gal.<\/p>\n<p>EBADER WE TRANSFORM THE WOOD S.L. rappelle aux adultes qui ont \u00e0 leur charge des mineurs que ce sera leur seule responsabilit\u00e9 si un mineur saisit leurs donn\u00e9es pour demander un service.<\/p>\n<p><strong>Modification de ces conditions et dur\u00e9e<\/strong><\/p>\n<p>Le propri\u00e9taire de ce site Web peut modifier \u00e0 tout moment les conditions d\u00e9termin\u00e9es ici, en \u00e9tant d\u00fbment publi\u00e9es telles qu&rsquo;elles apparaissent ici, selon ses propres crit\u00e8res ou motiv\u00e9es par la modification de la l\u00e9gislation ou des lignes directrices de l&rsquo;Agence espagnole de protection des donn\u00e9es. La validit\u00e9 des conditions susmentionn\u00e9es s&rsquo;appliquera jusqu&rsquo;\u00e0 ce qu&rsquo;elles soient modifi\u00e9es par d&rsquo;autres d\u00fbment publi\u00e9es.<\/p>\n<p><strong>L\u00e9gislation et juridiction<\/strong><\/p>\n<p>Ces conditions sont r\u00e9gies par la r\u00e9glementation espagnole en vigueur. Pour la r\u00e9solution des litiges pouvant survenir \u00e0 la suite des dispositions de ces dispositions, et renon\u00e7ant express\u00e9ment \u00e0 toute autre juridiction qui pourrait s&rsquo;appliquer, l&rsquo;utilisateur s&rsquo;engage \u00e0 se soumettre \u00e0 la juridiction des Cours et Tribunaux de Barcelone.<\/p>\n<\/div><\/div><\/div><\/div><\/div>\n","protected":false},"excerpt":{"rendered":"","protected":false},"author":1,"featured_media":0,"parent":0,"menu_order":0,"comment_status":"closed","ping_status":"closed","template":"","meta":{"footnotes":""},"class_list":["post-2547","page","type-page","status-publish","hentry"],"yoast_head":"<!-- This site is optimized with the Yoast SEO plugin v26.7 - https:\/\/yoast.com\/wordpress\/plugins\/seo\/ -->\n<title>POLITIQUE DE CONFIDENTIALIT\u00c9 - EBADER. COMERCIAL FURNITURE MANUFACTURER<\/title>\n<meta name=\"robots\" content=\"index, follow, max-snippet:-1, max-image-preview:large, max-video-preview:-1\" \/>\n<link rel=\"canonical\" href=\"https:\/\/ebader.com\/fr\/politique-de-confidentialite\/\" \/>\n<meta property=\"og:locale\" content=\"fr_FR\" \/>\n<meta property=\"og:type\" content=\"article\" \/>\n<meta property=\"og:title\" content=\"POLITIQUE DE CONFIDENTIALIT\u00c9 - EBADER. COMERCIAL FURNITURE MANUFACTURER\" \/>\n<meta property=\"og:url\" content=\"https:\/\/ebader.com\/fr\/politique-de-confidentialite\/\" \/>\n<meta property=\"og:site_name\" content=\"EBADER. COMERCIAL FURNITURE MANUFACTURER\" \/>\n<meta property=\"article:modified_time\" content=\"2024-02-19T08:25:31+00:00\" \/>\n<meta name=\"twitter:card\" content=\"summary_large_image\" \/>\n<meta name=\"twitter:label1\" content=\"Dur\u00e9e de lecture estim\u00e9e\" \/>\n\t<meta name=\"twitter:data1\" content=\"6 minutes\" \/>\n<script type=\"application\/ld+json\" class=\"yoast-schema-graph\">{\"@context\":\"https:\/\/schema.org\",\"@graph\":[{\"@type\":\"WebPage\",\"@id\":\"https:\/\/ebader.com\/fr\/politique-de-confidentialite\/\",\"url\":\"https:\/\/ebader.com\/fr\/politique-de-confidentialite\/\",\"name\":\"POLITIQUE DE CONFIDENTIALIT\u00c9 - EBADER. COMERCIAL FURNITURE MANUFACTURER\",\"isPartOf\":{\"@id\":\"https:\/\/ebader.com\/fr\/#website\"},\"datePublished\":\"2016-03-11T15:22:23+00:00\",\"dateModified\":\"2024-02-19T08:25:31+00:00\",\"breadcrumb\":{\"@id\":\"https:\/\/ebader.com\/fr\/politique-de-confidentialite\/#breadcrumb\"},\"inLanguage\":\"fr-FR\",\"potentialAction\":[{\"@type\":\"ReadAction\",\"target\":[\"https:\/\/ebader.com\/fr\/politique-de-confidentialite\/\"]}]},{\"@type\":\"BreadcrumbList\",\"@id\":\"https:\/\/ebader.com\/fr\/politique-de-confidentialite\/#breadcrumb\",\"itemListElement\":[{\"@type\":\"ListItem\",\"position\":1,\"name\":\"Portada\",\"item\":\"https:\/\/ebader.com\/fr\/\"},{\"@type\":\"ListItem\",\"position\":2,\"name\":\"POLITIQUE DE CONFIDENTIALIT\u00c9\"}]},{\"@type\":\"WebSite\",\"@id\":\"https:\/\/ebader.com\/fr\/#website\",\"url\":\"https:\/\/ebader.com\/fr\/\",\"name\":\"EBADER. COMERCIAL FURNITURE MANUFACTURER\",\"description\":\"Furniture design and manufacturing for Travel retail, Display cases, POS displays, promotional spaces, furniture export and installation throughout Europe.\",\"potentialAction\":[{\"@type\":\"SearchAction\",\"target\":{\"@type\":\"EntryPoint\",\"urlTemplate\":\"https:\/\/ebader.com\/fr\/?s={search_term_string}\"},\"query-input\":{\"@type\":\"PropertyValueSpecification\",\"valueRequired\":true,\"valueName\":\"search_term_string\"}}],\"inLanguage\":\"fr-FR\"}]}<\/script>\n<!-- \/ Yoast SEO plugin. -->","yoast_head_json":{"title":"POLITIQUE DE CONFIDENTIALIT\u00c9 - EBADER. COMERCIAL FURNITURE MANUFACTURER","robots":{"index":"index","follow":"follow","max-snippet":"max-snippet:-1","max-image-preview":"max-image-preview:large","max-video-preview":"max-video-preview:-1"},"canonical":"https:\/\/ebader.com\/fr\/politique-de-confidentialite\/","og_locale":"fr_FR","og_type":"article","og_title":"POLITIQUE DE CONFIDENTIALIT\u00c9 - EBADER. COMERCIAL FURNITURE MANUFACTURER","og_url":"https:\/\/ebader.com\/fr\/politique-de-confidentialite\/","og_site_name":"EBADER. COMERCIAL FURNITURE MANUFACTURER","article_modified_time":"2024-02-19T08:25:31+00:00","twitter_card":"summary_large_image","twitter_misc":{"Dur\u00e9e de lecture estim\u00e9e":"6 minutes"},"schema":{"@context":"https:\/\/schema.org","@graph":[{"@type":"WebPage","@id":"https:\/\/ebader.com\/fr\/politique-de-confidentialite\/","url":"https:\/\/ebader.com\/fr\/politique-de-confidentialite\/","name":"POLITIQUE DE CONFIDENTIALIT\u00c9 - EBADER. COMERCIAL FURNITURE MANUFACTURER","isPartOf":{"@id":"https:\/\/ebader.com\/fr\/#website"},"datePublished":"2016-03-11T15:22:23+00:00","dateModified":"2024-02-19T08:25:31+00:00","breadcrumb":{"@id":"https:\/\/ebader.com\/fr\/politique-de-confidentialite\/#breadcrumb"},"inLanguage":"fr-FR","potentialAction":[{"@type":"ReadAction","target":["https:\/\/ebader.com\/fr\/politique-de-confidentialite\/"]}]},{"@type":"BreadcrumbList","@id":"https:\/\/ebader.com\/fr\/politique-de-confidentialite\/#breadcrumb","itemListElement":[{"@type":"ListItem","position":1,"name":"Portada","item":"https:\/\/ebader.com\/fr\/"},{"@type":"ListItem","position":2,"name":"POLITIQUE DE CONFIDENTIALIT\u00c9"}]},{"@type":"WebSite","@id":"https:\/\/ebader.com\/fr\/#website","url":"https:\/\/ebader.com\/fr\/","name":"EBADER. COMERCIAL FURNITURE MANUFACTURER","description":"Furniture design and manufacturing for Travel retail, Display cases, POS displays, promotional spaces, furniture export and installation throughout Europe.","potentialAction":[{"@type":"SearchAction","target":{"@type":"EntryPoint","urlTemplate":"https:\/\/ebader.com\/fr\/?s={search_term_string}"},"query-input":{"@type":"PropertyValueSpecification","valueRequired":true,"valueName":"search_term_string"}}],"inLanguage":"fr-FR"}]}},"_links":{"self":[{"href":"https:\/\/ebader.com\/fr\/wp-json\/wp\/v2\/pages\/2547","targetHints":{"allow":["GET"]}}],"collection":[{"href":"https:\/\/ebader.com\/fr\/wp-json\/wp\/v2\/pages"}],"about":[{"href":"https:\/\/ebader.com\/fr\/wp-json\/wp\/v2\/types\/page"}],"author":[{"embeddable":true,"href":"https:\/\/ebader.com\/fr\/wp-json\/wp\/v2\/users\/1"}],"replies":[{"embeddable":true,"href":"https:\/\/ebader.com\/fr\/wp-json\/wp\/v2\/comments?post=2547"}],"version-history":[{"count":5,"href":"https:\/\/ebader.com\/fr\/wp-json\/wp\/v2\/pages\/2547\/revisions"}],"predecessor-version":[{"id":9346,"href":"https:\/\/ebader.com\/fr\/wp-json\/wp\/v2\/pages\/2547\/revisions\/9346"}],"wp:attachment":[{"href":"https:\/\/ebader.com\/fr\/wp-json\/wp\/v2\/media?parent=2547"}],"curies":[{"name":"wp","href":"https:\/\/api.w.org\/{rel}","templated":true}]}}